{"id":1915,"date":"2024-05-09T11:48:29","date_gmt":"2024-05-09T11:48:29","guid":{"rendered":"https:\/\/canolawyers.com\/?page_id=1915"},"modified":"2024-05-20T05:36:28","modified_gmt":"2024-05-20T05:36:28","slug":"legalisation-apostille-in-sweden","status":"publish","type":"page","link":"https:\/\/canolawyers.com\/sv\/legalisation-apostille-in-sweden\/","title":{"rendered":"Legalisation &amp; Apostille in Sweden"},"content":{"rendered":"<div data-elementor-type=\"wp-page\" data-elementor-id=\"1915\" class=\"elementor elementor-1915\" data-elementor-post-type=\"page\">\n\t\t\t\t\t\t<section class=\"elementor-section elementor-top-section elementor-element elementor-element-64196d2 elementor-section-full_width elementor-section-height-min-height elementor-section-stretched elementor-section-height-default elementor-section-items-middle sc_fly_static\" data-id=\"64196d2\" data-element_type=\"section\" data-e-type=\"section\" data-settings=\"{&quot;stretch_section&quot;:&quot;section-stretched&quot;,&quot;background_background&quot;:&quot;classic&quot;}\">\n\t\t\t\t\t\t<div class=\"elementor-container elementor-column-gap-extended\">\n\t\t\t\t\t<div class=\"elementor-column elementor-col-100 elementor-top-column elementor-element elementor-element-519ce88 sc_content_align_inherit sc_layouts_column_icons_position_left sc_fly_static\" data-id=\"519ce88\" data-element_type=\"column\" data-e-type=\"column\">\n\t\t\t<div class=\"elementor-widget-wrap elementor-element-populated\">\n\t\t\t\t\t\t<div class=\"elementor-element elementor-element-235d842 sc_fly_static elementor-widget elementor-widget-heading\" data-id=\"235d842\" data-element_type=\"widget\" data-e-type=\"widget\" data-widget_type=\"heading.default\">\n\t\t\t\t<div class=\"elementor-widget-container\">\n\t\t\t\t\t<h1 class=\"elementor-heading-title elementor-size-default\">Legalisation &amp; Apostille in Sweden <\/h1>\t\t\t\t<\/div>\n\t\t\t\t<\/div>\n\t\t\t\t\t<\/div>\n\t\t<\/div>\n\t\t\t\t\t<\/div>\n\t\t<\/section>\n\t\t\t\t<section class=\"elementor-section elementor-top-section elementor-element elementor-element-be9ddc6 elementor-section-boxed elementor-section-height-default elementor-section-height-default sc_fly_static\" data-id=\"be9ddc6\" data-element_type=\"section\" data-e-type=\"section\">\n\t\t\t\t\t\t<div class=\"elementor-container elementor-column-gap-extended\">\n\t\t\t\t\t<div class=\"elementor-column elementor-col-50 elementor-top-column elementor-element elementor-element-8f6203e sc_content_align_inherit sc_layouts_column_icons_position_left sc_fly_static\" data-id=\"8f6203e\" data-element_type=\"column\" data-e-type=\"column\">\n\t\t\t<div class=\"elementor-widget-wrap elementor-element-populated\">\n\t\t\t\t\t\t<div class=\"elementor-element elementor-element-47edf32 sc_fly_static elementor-widget elementor-widget-text-editor\" data-id=\"47edf32\" data-element_type=\"widget\" data-e-type=\"widget\" data-widget_type=\"text-editor.default\">\n\t\t\t\t<div class=\"elementor-widget-container\">\n\t\t\t\t\t\t\t\t\t<p>F\u00f6r legalisering och Apostille st\u00e4mpel s\u00e5 kontakta g\u00e4rna: <a href=\"https:\/\/www.legalisering.se\/\" target=\"_blank\">Legalisering.se<\/a>\n\n<p>Intygande av signatur kan g\u00f6ras p\u00e5 deras kontor i Stockholm, eller p\u00e5 distans. Skicka d\u00e5 ett email f\u00f6rst till kontakt@legalisering.se. De erbjuder tj\u00e4nster s\u00e5som bl.a. notarisering, apostille, legalisering hos ambassader\/UD, \u00f6vers\u00e4ttning och DHL-upph\u00e4mtning\/leverans av dokument \u00f6ver hela v\u00e4rlden.\n\n<p>Kunderna kan f\u00e5 hj\u00e4lp b\u00e5de p\u00e5 plats p\u00e5 kontoret, under drop-in samt via email och telefon, vilket g\u00f6r det m\u00f6jligt f\u00f6r kunder att f\u00e5 hj\u00e4lp var de \u00e4n befinner sig.\n\n<p>Alternativt kan ni g\u00e5 in p\u00e5 l\u00e4nsstyrelsens hemsida f\u00f6r att se vart notariekontor finns. V\u00e4nligen se l\u00e4nk: <a href=\"https:\/\/canolawyers.com\/sv\/legalisation-apostille-in-sweden\/\" rel=\"noopener\">Lansstyrelsen.se<\/a>\t\t\t\t\t\t\t\t<\/div>\n\t\t\t\t<\/div>\n\t\t\t\t\t<\/div>\n\t\t<\/div>\n\t\t\t\t<div class=\"elementor-column elementor-col-50 elementor-top-column elementor-element elementor-element-cc7a7cf sc_content_align_inherit sc_layouts_column_icons_position_left sc_fly_static\" data-id=\"cc7a7cf\" data-element_type=\"column\" data-e-type=\"column\">\n\t\t\t<div class=\"elementor-widget-wrap\">\n\t\t\t\t\t\t\t<\/div>\n\t\t<\/div>\n\t\t\t\t\t<\/div>\n\t\t<\/section>\n\t\t\t\t<\/div>","protected":false},"excerpt":{"rendered":"<p>Legalisation &#038; Apostille in Sweden Legalization validates a foreign public document by verifying the authenticity of the signature and the quality of the authority that signs the document. Legalization does&hellip;<\/p>","protected":false},"author":2112,"featured_media":0,"parent":0,"menu_order":0,"comment_status":"closed","ping_status":"closed","template":"","meta":{"footnotes":""},"class_list":["post-1915","page","type-page","status-publish","hentry"],"yoast_head":"<!-- This site is optimized with the Yoast SEO plugin v27.5 - https:\/\/yoast.com\/product\/yoast-seo-wordpress\/ -->\n<title>Legalisation &amp; Apostille in Sweden - Cano &amp; Cano Law Firm<\/title>\n<meta name=\"robots\" content=\"index, follow, max-snippet:-1, max-image-preview:large, max-video-preview:-1\" \/>\n<link rel=\"canonical\" href=\"https:\/\/canolawyers.com\/sv\/legalisation-apostille-in-sweden\/\" \/>\n<meta property=\"og:locale\" content=\"sv_SE\" \/>\n<meta property=\"og:type\" content=\"article\" \/>\n<meta property=\"og:title\" content=\"Legalisation &amp; Apostille in Sweden - Cano &amp; Cano Law Firm\" \/>\n<meta property=\"og:description\" content=\"Legalisation &#038; Apostille in Sweden Legalization validates a foreign public document by verifying the authenticity of the signature and the quality of the authority that signs the document. Legalization does&hellip;\" \/>\n<meta property=\"og:url\" content=\"https:\/\/canolawyers.com\/sv\/legalisation-apostille-in-sweden\/\" \/>\n<meta property=\"og:site_name\" content=\"Cano &amp; Cano Law Firm\" \/>\n<meta property=\"article:modified_time\" content=\"2024-05-20T05:36:28+00:00\" \/>\n<meta name=\"twitter:card\" content=\"summary_large_image\" \/>\n<meta name=\"twitter:label1\" content=\"Ber\u00e4knad l\u00e4stid\" \/>\n\t<meta name=\"twitter:data1\" content=\"1 minut\" \/>\n<script type=\"application\/ld+json\" class=\"yoast-schema-graph\">{\"@context\":\"https:\\\/\\\/schema.org\",\"@graph\":[{\"@type\":\"WebPage\",\"@id\":\"https:\\\/\\\/canolawyers.com\\\/legalisation-apostille-in-sweden\\\/\",\"url\":\"https:\\\/\\\/canolawyers.com\\\/legalisation-apostille-in-sweden\\\/\",\"name\":\"Legalisation &amp; Apostille in Sweden - Cano &amp; Cano Law Firm\",\"isPartOf\":{\"@id\":\"https:\\\/\\\/canolawyers.com\\\/#website\"},\"datePublished\":\"2024-05-09T11:48:29+00:00\",\"dateModified\":\"2024-05-20T05:36:28+00:00\",\"breadcrumb\":{\"@id\":\"https:\\\/\\\/canolawyers.com\\\/legalisation-apostille-in-sweden\\\/#breadcrumb\"},\"inLanguage\":\"sv-SE\",\"potentialAction\":[{\"@type\":\"ReadAction\",\"target\":[\"https:\\\/\\\/canolawyers.com\\\/legalisation-apostille-in-sweden\\\/\"]}]},{\"@type\":\"BreadcrumbList\",\"@id\":\"https:\\\/\\\/canolawyers.com\\\/legalisation-apostille-in-sweden\\\/#breadcrumb\",\"itemListElement\":[{\"@type\":\"ListItem\",\"position\":1,\"name\":\"Portada\",\"item\":\"https:\\\/\\\/canolawyers.com\\\/\"},{\"@type\":\"ListItem\",\"position\":2,\"name\":\"Legalisation &amp; Apostille in Sweden\"}]},{\"@type\":\"WebSite\",\"@id\":\"https:\\\/\\\/canolawyers.com\\\/#website\",\"url\":\"https:\\\/\\\/canolawyers.com\\\/\",\"name\":\"Cano &amp; Cano Law Firm\",\"description\":\"Law firm in the real estate sector in Marbella\",\"publisher\":{\"@id\":\"https:\\\/\\\/canolawyers.com\\\/#organization\"},\"potentialAction\":[{\"@type\":\"SearchAction\",\"target\":{\"@type\":\"EntryPoint\",\"urlTemplate\":\"https:\\\/\\\/canolawyers.com\\\/?s={search_term_string}\"},\"query-input\":{\"@type\":\"PropertyValueSpecification\",\"valueRequired\":true,\"valueName\":\"search_term_string\"}}],\"inLanguage\":\"sv-SE\"},{\"@type\":\"Organization\",\"@id\":\"https:\\\/\\\/canolawyers.com\\\/#organization\",\"name\":\"Cano &amp; Cano Law Firm\",\"url\":\"https:\\\/\\\/canolawyers.com\\\/\",\"logo\":{\"@type\":\"ImageObject\",\"inLanguage\":\"sv-SE\",\"@id\":\"https:\\\/\\\/canolawyers.com\\\/#\\\/schema\\\/logo\\\/image\\\/\",\"url\":\"https:\\\/\\\/canolawyers.com\\\/wp-content\\\/uploads\\\/2018\\\/06\\\/logo-250-blanco.png\",\"contentUrl\":\"https:\\\/\\\/canolawyers.com\\\/wp-content\\\/uploads\\\/2018\\\/06\\\/logo-250-blanco.png\",\"width\":240,\"height\":56,\"caption\":\"Cano &amp; Cano Law Firm\"},\"image\":{\"@id\":\"https:\\\/\\\/canolawyers.com\\\/#\\\/schema\\\/logo\\\/image\\\/\"}}]}<\/script>\n<!-- \/ Yoast SEO plugin. -->","yoast_head_json":{"title":"Legalisation &amp; Apostille in Sweden - Cano &amp; Cano Law Firm","robots":{"index":"index","follow":"follow","max-snippet":"max-snippet:-1","max-image-preview":"max-image-preview:large","max-video-preview":"max-video-preview:-1"},"canonical":"https:\/\/canolawyers.com\/sv\/legalisation-apostille-in-sweden\/","og_locale":"sv_SE","og_type":"article","og_title":"Legalisation &amp; Apostille in Sweden - Cano &amp; Cano Law Firm","og_description":"Legalisation &#038; Apostille in Sweden Legalization validates a foreign public document by verifying the authenticity of the signature and the quality of the authority that signs the document. Legalization does&hellip;","og_url":"https:\/\/canolawyers.com\/sv\/legalisation-apostille-in-sweden\/","og_site_name":"Cano &amp; Cano Law Firm","article_modified_time":"2024-05-20T05:36:28+00:00","twitter_card":"summary_large_image","twitter_misc":{"Ber\u00e4knad l\u00e4stid":"1 minut"},"schema":{"@context":"https:\/\/schema.org","@graph":[{"@type":"WebPage","@id":"https:\/\/canolawyers.com\/legalisation-apostille-in-sweden\/","url":"https:\/\/canolawyers.com\/legalisation-apostille-in-sweden\/","name":"Legalisation &amp; Apostille in Sweden - Cano &amp; Cano Law Firm","isPartOf":{"@id":"https:\/\/canolawyers.com\/#website"},"datePublished":"2024-05-09T11:48:29+00:00","dateModified":"2024-05-20T05:36:28+00:00","breadcrumb":{"@id":"https:\/\/canolawyers.com\/legalisation-apostille-in-sweden\/#breadcrumb"},"inLanguage":"sv-SE","potentialAction":[{"@type":"ReadAction","target":["https:\/\/canolawyers.com\/legalisation-apostille-in-sweden\/"]}]},{"@type":"BreadcrumbList","@id":"https:\/\/canolawyers.com\/legalisation-apostille-in-sweden\/#breadcrumb","itemListElement":[{"@type":"ListItem","position":1,"name":"Portada","item":"https:\/\/canolawyers.com\/"},{"@type":"ListItem","position":2,"name":"Legalisation &amp; Apostille in Sweden"}]},{"@type":"WebSite","@id":"https:\/\/canolawyers.com\/#website","url":"https:\/\/canolawyers.com\/","name":"Cano &amp; Cano Law Firm","description":"Advokatbyr\u00e5 inom fastighetssektorn i Marbella","publisher":{"@id":"https:\/\/canolawyers.com\/#organization"},"potentialAction":[{"@type":"SearchAction","target":{"@type":"EntryPoint","urlTemplate":"https:\/\/canolawyers.com\/?s={search_term_string}"},"query-input":{"@type":"PropertyValueSpecification","valueRequired":true,"valueName":"search_term_string"}}],"inLanguage":"sv-SE"},{"@type":"Organization","@id":"https:\/\/canolawyers.com\/#organization","name":"Cano &amp; Cano Law Firm","url":"https:\/\/canolawyers.com\/","logo":{"@type":"ImageObject","inLanguage":"sv-SE","@id":"https:\/\/canolawyers.com\/#\/schema\/logo\/image\/","url":"https:\/\/canolawyers.com\/wp-content\/uploads\/2018\/06\/logo-250-blanco.png","contentUrl":"https:\/\/canolawyers.com\/wp-content\/uploads\/2018\/06\/logo-250-blanco.png","width":240,"height":56,"caption":"Cano &amp; Cano Law Firm"},"image":{"@id":"https:\/\/canolawyers.com\/#\/schema\/logo\/image\/"}}]}},"_links":{"self":[{"href":"https:\/\/canolawyers.com\/sv\/wp-json\/wp\/v2\/pages\/1915","targetHints":{"allow":["GET"]}}],"collection":[{"href":"https:\/\/canolawyers.com\/sv\/wp-json\/wp\/v2\/pages"}],"about":[{"href":"https:\/\/canolawyers.com\/sv\/wp-json\/wp\/v2\/types\/page"}],"author":[{"embeddable":true,"href":"https:\/\/canolawyers.com\/sv\/wp-json\/wp\/v2\/users\/2112"}],"replies":[{"embeddable":true,"href":"https:\/\/canolawyers.com\/sv\/wp-json\/wp\/v2\/comments?post=1915"}],"version-history":[{"count":0,"href":"https:\/\/canolawyers.com\/sv\/wp-json\/wp\/v2\/pages\/1915\/revisions"}],"wp:attachment":[{"href":"https:\/\/canolawyers.com\/sv\/wp-json\/wp\/v2\/media?parent=1915"}],"curies":[{"name":"wp","href":"https:\/\/api.w.org\/{rel}","templated":true}]}}