{"id":146,"date":"2016-04-27T12:19:22","date_gmt":"2016-04-27T12:19:22","guid":{"rendered":"http:\/\/invetex.themerex.net\/?page_id=146"},"modified":"2025-11-25T10:48:41","modified_gmt":"2025-11-25T10:48:41","slug":"our-services","status":"publish","type":"page","link":"https:\/\/canolawyers.com\/sv\/our-services\/","title":{"rendered":"V\u00e5ra tj\u00e4nster"},"content":{"rendered":"<div data-elementor-type=\"wp-page\" data-elementor-id=\"146\" class=\"elementor elementor-146\" data-elementor-post-type=\"page\">\n\t\t\t\t\t\t<section class=\"elementor-section elementor-top-section elementor-element elementor-element-e36888e elementor-section-full_width elementor-section-height-min-height elementor-section-stretched elementor-section-height-default elementor-section-items-middle sc_fly_static\" data-id=\"e36888e\" data-element_type=\"section\" data-e-type=\"section\" data-settings=\"{&quot;stretch_section&quot;:&quot;section-stretched&quot;,&quot;background_background&quot;:&quot;classic&quot;}\">\n\t\t\t\t\t\t<div class=\"elementor-container elementor-column-gap-extended\">\n\t\t\t\t\t<div class=\"elementor-column elementor-col-100 elementor-top-column elementor-element elementor-element-2c9abd2 sc_content_align_inherit sc_layouts_column_icons_position_left sc_fly_static\" data-id=\"2c9abd2\" data-element_type=\"column\" data-e-type=\"column\">\n\t\t\t<div class=\"elementor-widget-wrap elementor-element-populated\">\n\t\t\t\t\t\t<div class=\"elementor-element elementor-element-184671d sc_fly_static elementor-widget elementor-widget-heading\" data-id=\"184671d\" data-element_type=\"widget\" data-e-type=\"widget\" data-widget_type=\"heading.default\">\n\t\t\t\t<div class=\"elementor-widget-container\">\n\t\t\t\t\t<h1 class=\"elementor-heading-title elementor-size-default\">V\u00e5ra tj\u00e4nster<\/h1>\t\t\t\t<\/div>\n\t\t\t\t<\/div>\n\t\t\t\t\t<\/div>\n\t\t<\/div>\n\t\t\t\t\t<\/div>\n\t\t<\/section>\n\t\t\t\t<section class=\"elementor-section elementor-top-section elementor-element elementor-element-4e75d62f elementor-section-full_width elementor-section-height-min-height elementor-section-items-stretch elementor-section-content-middle elementor-section-stretched elementor-section-height-default sc_fly_static\" data-id=\"4e75d62f\" data-element_type=\"section\" data-e-type=\"section\" data-settings=\"{&quot;stretch_section&quot;:&quot;section-stretched&quot;}\">\n\t\t\t\t\t\t<div class=\"elementor-container elementor-column-gap-no\">\n\t\t\t\t\t<div class=\"elementor-column elementor-col-20 elementor-top-column elementor-element elementor-element-1d12f17b sc_content_align_inherit sc_layouts_column_icons_position_left sc_fly_static\" data-id=\"1d12f17b\" data-element_type=\"column\" data-e-type=\"column\" data-settings=\"{&quot;background_background&quot;:&quot;classic&quot;}\">\n\t\t\t<div class=\"elementor-widget-wrap elementor-element-populated\">\n\t\t\t\t\t\t<div class=\"elementor-element elementor-element-7d0a1017 sc_fly_static elementor-widget elementor-widget-image\" data-id=\"7d0a1017\" data-element_type=\"widget\" data-e-type=\"widget\" data-widget_type=\"image.default\">\n\t\t\t\t<div class=\"elementor-widget-container\">\n\t\t\t\t\t\t\t\t\t\t\t\t\t\t\t<img decoding=\"async\" width=\"57\" height=\"53\" src=\"https:\/\/canolawyers.com\/wp-content\/uploads\/2016\/04\/colored_service_1.png\" class=\"attachment-full size-full wp-image-606\" alt=\"\" \/>\t\t\t\t\t\t\t\t\t\t\t\t\t\t\t<\/div>\n\t\t\t\t<\/div>\n\t\t\t\t<div class=\"elementor-element elementor-element-c732cce sc_fly_static elementor-widget elementor-widget-text-editor\" data-id=\"c732cce\" data-element_type=\"widget\" data-e-type=\"widget\" data-widget_type=\"text-editor.default\">\n\t\t\t\t<div class=\"elementor-widget-container\">\n\t\t\t\t\t\t\t\t\t<p style=\"text-align: center;\">Civilr\u00e4tt<br \/>&amp;<br \/>Brottm\u00e5l<\/p>\t\t\t\t\t\t\t\t<\/div>\n\t\t\t\t<\/div>\n\t\t\t\t\t<\/div>\n\t\t<\/div>\n\t\t\t\t<div class=\"elementor-column elementor-col-20 elementor-top-column elementor-element elementor-element-5d319bed sc_content_align_inherit sc_layouts_column_icons_position_left sc_fly_static\" data-id=\"5d319bed\" data-element_type=\"column\" data-e-type=\"column\" data-settings=\"{&quot;background_background&quot;:&quot;classic&quot;}\">\n\t\t\t<div class=\"elementor-widget-wrap elementor-element-populated\">\n\t\t\t\t\t\t<div class=\"elementor-element elementor-element-64115692 sc_fly_static elementor-widget elementor-widget-image\" data-id=\"64115692\" data-element_type=\"widget\" data-e-type=\"widget\" data-widget_type=\"image.default\">\n\t\t\t\t<div class=\"elementor-widget-container\">\n\t\t\t\t\t\t\t\t\t\t\t\t\t\t\t<img decoding=\"async\" width=\"57\" height=\"53\" src=\"https:\/\/canolawyers.com\/wp-content\/uploads\/2016\/04\/colored_service_2.png\" class=\"attachment-full size-full wp-image-607\" alt=\"\" \/>\t\t\t\t\t\t\t\t\t\t\t\t\t\t\t<\/div>\n\t\t\t\t<\/div>\n\t\t\t\t<div class=\"elementor-element elementor-element-5f827b89 sc_fly_static elementor-widget elementor-widget-text-editor\" data-id=\"5f827b89\" data-element_type=\"widget\" data-e-type=\"widget\" data-widget_type=\"text-editor.default\">\n\t\t\t\t<div class=\"elementor-widget-container\">\n\t\t\t\t\t\t\t\t\t<p style=\"text-align: center;\">F\u00f6retagsr\u00e4tt<br \/>&amp;<br \/>Bankr\u00e4tt<\/p>\t\t\t\t\t\t\t\t<\/div>\n\t\t\t\t<\/div>\n\t\t\t\t\t<\/div>\n\t\t<\/div>\n\t\t\t\t<div class=\"elementor-column elementor-col-20 elementor-top-column elementor-element elementor-element-d667b9f sc_content_align_inherit sc_layouts_column_icons_position_left sc_fly_static\" data-id=\"d667b9f\" data-element_type=\"column\" data-e-type=\"column\" data-settings=\"{&quot;background_background&quot;:&quot;classic&quot;}\">\n\t\t\t<div class=\"elementor-widget-wrap elementor-element-populated\">\n\t\t\t\t\t\t<div class=\"elementor-element elementor-element-1ba8058 sc_fly_static elementor-widget elementor-widget-image\" data-id=\"1ba8058\" data-element_type=\"widget\" data-e-type=\"widget\" data-widget_type=\"image.default\">\n\t\t\t\t<div class=\"elementor-widget-container\">\n\t\t\t\t\t\t\t\t\t\t\t\t\t\t\t<img decoding=\"async\" width=\"57\" height=\"53\" src=\"https:\/\/canolawyers.com\/wp-content\/uploads\/2016\/04\/colored_service_2.png\" class=\"attachment-full size-full wp-image-607\" alt=\"\" \/>\t\t\t\t\t\t\t\t\t\t\t\t\t\t\t<\/div>\n\t\t\t\t<\/div>\n\t\t\t\t<div class=\"elementor-element elementor-element-7c43f16 sc_fly_static elementor-widget elementor-widget-text-editor\" data-id=\"7c43f16\" data-element_type=\"widget\" data-e-type=\"widget\" data-widget_type=\"text-editor.default\">\n\t\t\t\t<div class=\"elementor-widget-container\">\n\t\t\t\t\t\t\t\t\t<p style=\"text-align: center;\">Fastighetsr\u00e4tt<br>\n&amp;<br>\nInvesteringar<\/p>\t\t\t\t\t\t\t\t<\/div>\n\t\t\t\t<\/div>\n\t\t\t\t\t<\/div>\n\t\t<\/div>\n\t\t\t\t<div class=\"elementor-column elementor-col-20 elementor-top-column elementor-element elementor-element-58a0f4cd sc_content_align_inherit sc_layouts_column_icons_position_left sc_fly_static\" data-id=\"58a0f4cd\" data-element_type=\"column\" data-e-type=\"column\" data-settings=\"{&quot;background_background&quot;:&quot;classic&quot;}\">\n\t\t\t<div class=\"elementor-widget-wrap elementor-element-populated\">\n\t\t\t\t\t\t<div class=\"elementor-element elementor-element-37a5816a sc_fly_static elementor-widget elementor-widget-image\" data-id=\"37a5816a\" data-element_type=\"widget\" data-e-type=\"widget\" data-widget_type=\"image.default\">\n\t\t\t\t<div class=\"elementor-widget-container\">\n\t\t\t\t\t\t\t\t\t\t\t\t\t\t\t<img decoding=\"async\" width=\"57\" height=\"53\" src=\"https:\/\/canolawyers.com\/wp-content\/uploads\/2016\/04\/colored_service_3.png\" class=\"attachment-full size-full wp-image-608\" alt=\"\" \/>\t\t\t\t\t\t\t\t\t\t\t\t\t\t\t<\/div>\n\t\t\t\t<\/div>\n\t\t\t\t<div class=\"elementor-element elementor-element-4e12d812 sc_fly_static elementor-widget elementor-widget-text-editor\" data-id=\"4e12d812\" data-element_type=\"widget\" data-e-type=\"widget\" data-widget_type=\"text-editor.default\">\n\t\t\t\t<div class=\"elementor-widget-container\">\n\t\t\t\t\t\t\t\t\t<p style=\"text-align: center;\">Skatter\u00e4tt<br \/>&amp;<br \/>Visum<\/p>\t\t\t\t\t\t\t\t<\/div>\n\t\t\t\t<\/div>\n\t\t\t\t\t<\/div>\n\t\t<\/div>\n\t\t\t\t<div class=\"elementor-column elementor-col-20 elementor-top-column elementor-element elementor-element-946034 sc_content_align_inherit sc_layouts_column_icons_position_left sc_fly_static\" data-id=\"946034\" data-element_type=\"column\" data-e-type=\"column\" data-settings=\"{&quot;background_background&quot;:&quot;classic&quot;}\">\n\t\t\t<div class=\"elementor-widget-wrap elementor-element-populated\">\n\t\t\t\t\t\t<div class=\"elementor-element elementor-element-14ff4766 sc_fly_static elementor-widget elementor-widget-image\" data-id=\"14ff4766\" data-element_type=\"widget\" data-e-type=\"widget\" data-widget_type=\"image.default\">\n\t\t\t\t<div class=\"elementor-widget-container\">\n\t\t\t\t\t\t\t\t\t\t\t\t\t\t\t\t<a href=\"https:\/\/canolawyers.com\/sv\/legalisation-apostille-in-sweden\/\">\n\t\t\t\t\t\t\t<img loading=\"lazy\" decoding=\"async\" width=\"100\" height=\"93\" src=\"https:\/\/canolawyers.com\/wp-content\/uploads\/2024\/05\/legalisation-apostille-sweden.png\" class=\"attachment-full size-full wp-image-1918\" alt=\"Legalisation &amp; Apostille in Sweden\" srcset=\"https:\/\/canolawyers.com\/wp-content\/uploads\/2024\/05\/legalisation-apostille-sweden.png 100w, https:\/\/canolawyers.com\/wp-content\/uploads\/2024\/05\/legalisation-apostille-sweden-13x12.png 13w\" sizes=\"(max-width: 100px) 100vw, 100px\" \/>\t\t\t\t\t\t\t\t<\/a>\n\t\t\t\t\t\t\t\t\t\t\t\t\t\t\t<\/div>\n\t\t\t\t<\/div>\n\t\t\t\t<div class=\"elementor-element elementor-element-3f030b73 sc_fly_static elementor-widget elementor-widget-text-editor\" data-id=\"3f030b73\" data-element_type=\"widget\" data-e-type=\"widget\" data-widget_type=\"text-editor.default\">\n\t\t\t\t<div class=\"elementor-widget-container\">\n\t\t\t\t\t\t\t\t\t<p style=\"text-align: center;\"><a style=\"color: #fff;\" href=\"https:\/\/canolawyers.com\/sv\/legalisation-apostille-in-sweden\/\">Legalisering<br>\n&amp;<br>\nApostille<\/a><\/p>\t\t\t\t\t\t\t\t<\/div>\n\t\t\t\t<\/div>\n\t\t\t\t\t<\/div>\n\t\t<\/div>\n\t\t\t\t\t<\/div>\n\t\t<\/section>\n\t\t\t\t<section class=\"elementor-section elementor-top-section elementor-element elementor-element-0eaa879 elementor-section-full_width elementor-section-stretched elementor-section-height-default elementor-section-height-default sc_fly_static\" data-id=\"0eaa879\" data-element_type=\"section\" data-e-type=\"section\" data-settings=\"{&quot;stretch_section&quot;:&quot;section-stretched&quot;}\">\n\t\t\t\t\t\t<div class=\"elementor-container elementor-column-gap-extended\">\n\t\t\t\t\t<div class=\"elementor-column elementor-col-50 elementor-top-column elementor-element elementor-element-3023b95 sc_content_align_inherit sc_layouts_column_icons_position_left sc_fly_static\" data-id=\"3023b95\" data-element_type=\"column\" data-e-type=\"column\" data-settings=\"{&quot;background_background&quot;:&quot;classic&quot;}\">\n\t\t\t<div class=\"elementor-widget-wrap\">\n\t\t\t\t\t\t\t<\/div>\n\t\t<\/div>\n\t\t\t\t<div class=\"elementor-column elementor-col-50 elementor-top-column elementor-element elementor-element-eee573f sc_content_align_inherit sc_layouts_column_icons_position_left sc_fly_static\" data-id=\"eee573f\" data-element_type=\"column\" data-e-type=\"column\">\n\t\t\t<div class=\"elementor-widget-wrap elementor-element-populated\">\n\t\t\t\t\t\t<div class=\"elementor-element elementor-element-f2bbc2b sc_fly_static elementor-widget elementor-widget-heading\" data-id=\"f2bbc2b\" data-element_type=\"widget\" data-e-type=\"widget\" data-widget_type=\"heading.default\">\n\t\t\t\t<div class=\"elementor-widget-container\">\n\t\t\t\t\t<h2 class=\"elementor-heading-title elementor-size-default\">Vad kan vi g\u00f6ra f\u00f6r dig?<\/h2>\t\t\t\t<\/div>\n\t\t\t\t<\/div>\n\t\t\t\t<div class=\"elementor-element elementor-element-48d9279 sc_fly_static elementor-widget elementor-widget-text-editor\" data-id=\"48d9279\" data-element_type=\"widget\" data-e-type=\"widget\" data-widget_type=\"text-editor.default\">\n\t\t\t\t<div class=\"elementor-widget-container\">\n\t\t\t\t\t\t\t\t\t<p>V\u00e5rt syfte och m\u00e5l \u00e4r att ta hand om dina investeringar i Spanien. Detta g\u00f6r vi genom att erbjuda r\u00e5dgivning f\u00f6re, under och efter att din aff\u00e4r avslutats, s\u00e5 att din egendom alltid \u00e4r s\u00e4kerst\u00e4lld. Vi ser dessutom till att on\u00f6diga risker undviks och vi kommer alltid att s\u00e4kerst\u00e4lla att den g\u00e4llande lagstiftningen efterlevs.<\/p><p>F\u00f6r att uppn\u00e5 detta m\u00e5l f\u00f6retr\u00e4der vi dig i alla fastighetsrelaterade processer och f\u00f6rhandlingar, s\u00e5som k\u00f6p och f\u00f6rs\u00e4ljning av all slags fast egendom, uthyrning, inbytesavtal, bostadsbyggen och renoveringar, nyproduktion, fastighetsfinansiering, administrativa licenser, servitut, k\u00f6poptioner och g\u00e5vor, bland mycket annat.<\/p><p>F\u00f6r att du ska kunna k\u00e4nna dig lugn ombes\u00f6rjer vi uppr\u00e4ttning och bevakning av alla slags kontrakt och dokumentation, vi sk\u00f6ter kontakten med de olika registren och f\u00f6rvaltningsmyndigheterna i Spanien samt tj\u00e4nsteleverant\u00f6rerna till din fastighet. Vi tar \u00e4ven hand om alla sorters f\u00f6rhandlingar och f\u00f6rsvarar dina intressen inf\u00f6r de spanska domstolarna vid behov.<\/p><p>Hj\u00e4lper dig att l\u00f6sa eventuella fr\u00e5gor du har om spanska skatter.<\/p>\t\t\t\t\t\t\t\t<\/div>\n\t\t\t\t<\/div>\n\t\t\t\t<div class=\"elementor-element elementor-element-97f2266 elementor-align-center sc_fly_static elementor-widget elementor-widget-button\" data-id=\"97f2266\" data-element_type=\"widget\" data-e-type=\"widget\" data-widget_type=\"button.default\">\n\t\t\t\t<div class=\"elementor-widget-container\">\n\t\t\t\t\t\t\t\t\t<div class=\"elementor-button-wrapper\">\n\t\t\t\t\t<a class=\"elementor-button elementor-button-link elementor-size-sm\" href=\"https:\/\/canolawyers.com\/sv\/contacts\/\">\n\t\t\t\t\t\t<span class=\"elementor-button-content-wrapper\">\n\t\t\t\t\t\t\t\t\t<span class=\"elementor-button-text\">Kontakta oss<\/span>\n\t\t\t\t\t<\/span>\n\t\t\t\t\t<\/a>\n\t\t\t\t<\/div>\n\t\t\t\t\t\t\t\t<\/div>\n\t\t\t\t<\/div>\n\t\t\t\t\t<\/div>\n\t\t<\/div>\n\t\t\t\t\t<\/div>\n\t\t<\/section>\n\t\t\t\t<\/div>","protected":false},"excerpt":{"rendered":"<p>Our Services Civil Law&amp;Criminal Law Corporate Law&amp;Banking Law Property law &amp; Investments Tax Law&amp;Visas Legalisation &amp; Apostille What can we do for you? Our fundamental purpose is to look after&hellip;<\/p>","protected":false},"author":2112,"featured_media":0,"parent":0,"menu_order":0,"comment_status":"closed","ping_status":"closed","template":"","meta":{"footnotes":""},"class_list":["post-146","page","type-page","status-publish","hentry"],"yoast_head":"<!-- This site is optimized with the Yoast SEO plugin v27.5 - https:\/\/yoast.com\/product\/yoast-seo-wordpress\/ -->\n<title>Our Services - Cano &amp; Cano Law Firm<\/title>\n<meta name=\"robots\" content=\"index, follow, max-snippet:-1, max-image-preview:large, max-video-preview:-1\" \/>\n<link rel=\"canonical\" href=\"https:\/\/canolawyers.com\/sv\/our-services\/\" \/>\n<meta property=\"og:locale\" content=\"sv_SE\" \/>\n<meta property=\"og:type\" content=\"article\" \/>\n<meta property=\"og:title\" content=\"Our Services - Cano &amp; Cano Law Firm\" \/>\n<meta property=\"og:description\" content=\"Our Services Civil Law&amp;Criminal Law Corporate Law&amp;Banking Law Property law &amp; Investments Tax Law&amp;Visas Legalisation &amp; Apostille What can we do for you? Our fundamental purpose is to look after&hellip;\" \/>\n<meta property=\"og:url\" content=\"https:\/\/canolawyers.com\/sv\/our-services\/\" \/>\n<meta property=\"og:site_name\" content=\"Cano &amp; Cano Law Firm\" \/>\n<meta property=\"article:modified_time\" content=\"2025-11-25T10:48:41+00:00\" \/>\n<meta property=\"og:image\" content=\"http:\/\/canolawyers.com\/wp-content\/uploads\/2016\/04\/colored_service_1.png\" \/>\n<meta name=\"twitter:card\" content=\"summary_large_image\" \/>\n<meta name=\"twitter:label1\" content=\"Ber\u00e4knad l\u00e4stid\" \/>\n\t<meta name=\"twitter:data1\" content=\"2 minuter\" \/>\n<script type=\"application\/ld+json\" class=\"yoast-schema-graph\">{\"@context\":\"https:\\\/\\\/schema.org\",\"@graph\":[{\"@type\":\"WebPage\",\"@id\":\"https:\\\/\\\/canolawyers.com\\\/our-services\\\/\",\"url\":\"https:\\\/\\\/canolawyers.com\\\/our-services\\\/\",\"name\":\"Our Services - Cano &amp; Cano Law Firm\",\"isPartOf\":{\"@id\":\"https:\\\/\\\/canolawyers.com\\\/#website\"},\"primaryImageOfPage\":{\"@id\":\"https:\\\/\\\/canolawyers.com\\\/our-services\\\/#primaryimage\"},\"image\":{\"@id\":\"https:\\\/\\\/canolawyers.com\\\/our-services\\\/#primaryimage\"},\"thumbnailUrl\":\"http:\\\/\\\/canolawyers.com\\\/wp-content\\\/uploads\\\/2016\\\/04\\\/colored_service_1.png\",\"datePublished\":\"2016-04-27T12:19:22+00:00\",\"dateModified\":\"2025-11-25T10:48:41+00:00\",\"breadcrumb\":{\"@id\":\"https:\\\/\\\/canolawyers.com\\\/our-services\\\/#breadcrumb\"},\"inLanguage\":\"sv-SE\",\"potentialAction\":[{\"@type\":\"ReadAction\",\"target\":[\"https:\\\/\\\/canolawyers.com\\\/our-services\\\/\"]}]},{\"@type\":\"ImageObject\",\"inLanguage\":\"sv-SE\",\"@id\":\"https:\\\/\\\/canolawyers.com\\\/our-services\\\/#primaryimage\",\"url\":\"http:\\\/\\\/canolawyers.com\\\/wp-content\\\/uploads\\\/2016\\\/04\\\/colored_service_1.png\",\"contentUrl\":\"http:\\\/\\\/canolawyers.com\\\/wp-content\\\/uploads\\\/2016\\\/04\\\/colored_service_1.png\"},{\"@type\":\"BreadcrumbList\",\"@id\":\"https:\\\/\\\/canolawyers.com\\\/our-services\\\/#breadcrumb\",\"itemListElement\":[{\"@type\":\"ListItem\",\"position\":1,\"name\":\"Portada\",\"item\":\"https:\\\/\\\/canolawyers.com\\\/\"},{\"@type\":\"ListItem\",\"position\":2,\"name\":\"Our Services\"}]},{\"@type\":\"WebSite\",\"@id\":\"https:\\\/\\\/canolawyers.com\\\/#website\",\"url\":\"https:\\\/\\\/canolawyers.com\\\/\",\"name\":\"Cano &amp; Cano Law Firm\",\"description\":\"Law firm in the real estate sector in Marbella\",\"publisher\":{\"@id\":\"https:\\\/\\\/canolawyers.com\\\/#organization\"},\"potentialAction\":[{\"@type\":\"SearchAction\",\"target\":{\"@type\":\"EntryPoint\",\"urlTemplate\":\"https:\\\/\\\/canolawyers.com\\\/?s={search_term_string}\"},\"query-input\":{\"@type\":\"PropertyValueSpecification\",\"valueRequired\":true,\"valueName\":\"search_term_string\"}}],\"inLanguage\":\"sv-SE\"},{\"@type\":\"Organization\",\"@id\":\"https:\\\/\\\/canolawyers.com\\\/#organization\",\"name\":\"Cano &amp; Cano Law Firm\",\"url\":\"https:\\\/\\\/canolawyers.com\\\/\",\"logo\":{\"@type\":\"ImageObject\",\"inLanguage\":\"sv-SE\",\"@id\":\"https:\\\/\\\/canolawyers.com\\\/#\\\/schema\\\/logo\\\/image\\\/\",\"url\":\"https:\\\/\\\/canolawyers.com\\\/wp-content\\\/uploads\\\/2018\\\/06\\\/logo-250-blanco.png\",\"contentUrl\":\"https:\\\/\\\/canolawyers.com\\\/wp-content\\\/uploads\\\/2018\\\/06\\\/logo-250-blanco.png\",\"width\":240,\"height\":56,\"caption\":\"Cano &amp; Cano Law Firm\"},\"image\":{\"@id\":\"https:\\\/\\\/canolawyers.com\\\/#\\\/schema\\\/logo\\\/image\\\/\"}}]}<\/script>\n<!-- \/ Yoast SEO plugin. -->","yoast_head_json":{"title":"Our Services - Cano &amp; Cano Law Firm","robots":{"index":"index","follow":"follow","max-snippet":"max-snippet:-1","max-image-preview":"max-image-preview:large","max-video-preview":"max-video-preview:-1"},"canonical":"https:\/\/canolawyers.com\/sv\/our-services\/","og_locale":"sv_SE","og_type":"article","og_title":"Our Services - Cano &amp; Cano Law Firm","og_description":"Our Services Civil Law&amp;Criminal Law Corporate Law&amp;Banking Law Property law &amp; Investments Tax Law&amp;Visas Legalisation &amp; Apostille What can we do for you? Our fundamental purpose is to look after&hellip;","og_url":"https:\/\/canolawyers.com\/sv\/our-services\/","og_site_name":"Cano &amp; Cano Law Firm","article_modified_time":"2025-11-25T10:48:41+00:00","og_image":[{"url":"http:\/\/canolawyers.com\/wp-content\/uploads\/2016\/04\/colored_service_1.png","type":"","width":"","height":""}],"twitter_card":"summary_large_image","twitter_misc":{"Ber\u00e4knad l\u00e4stid":"2 minuter"},"schema":{"@context":"https:\/\/schema.org","@graph":[{"@type":"WebPage","@id":"https:\/\/canolawyers.com\/our-services\/","url":"https:\/\/canolawyers.com\/our-services\/","name":"Our Services - Cano &amp; Cano Law Firm","isPartOf":{"@id":"https:\/\/canolawyers.com\/#website"},"primaryImageOfPage":{"@id":"https:\/\/canolawyers.com\/our-services\/#primaryimage"},"image":{"@id":"https:\/\/canolawyers.com\/our-services\/#primaryimage"},"thumbnailUrl":"http:\/\/canolawyers.com\/wp-content\/uploads\/2016\/04\/colored_service_1.png","datePublished":"2016-04-27T12:19:22+00:00","dateModified":"2025-11-25T10:48:41+00:00","breadcrumb":{"@id":"https:\/\/canolawyers.com\/our-services\/#breadcrumb"},"inLanguage":"sv-SE","potentialAction":[{"@type":"ReadAction","target":["https:\/\/canolawyers.com\/our-services\/"]}]},{"@type":"ImageObject","inLanguage":"sv-SE","@id":"https:\/\/canolawyers.com\/our-services\/#primaryimage","url":"http:\/\/canolawyers.com\/wp-content\/uploads\/2016\/04\/colored_service_1.png","contentUrl":"http:\/\/canolawyers.com\/wp-content\/uploads\/2016\/04\/colored_service_1.png"},{"@type":"BreadcrumbList","@id":"https:\/\/canolawyers.com\/our-services\/#breadcrumb","itemListElement":[{"@type":"ListItem","position":1,"name":"Portada","item":"https:\/\/canolawyers.com\/"},{"@type":"ListItem","position":2,"name":"Our Services"}]},{"@type":"WebSite","@id":"https:\/\/canolawyers.com\/#website","url":"https:\/\/canolawyers.com\/","name":"Cano &amp; Cano Law Firm","description":"Advokatbyr\u00e5 inom fastighetssektorn i Marbella","publisher":{"@id":"https:\/\/canolawyers.com\/#organization"},"potentialAction":[{"@type":"SearchAction","target":{"@type":"EntryPoint","urlTemplate":"https:\/\/canolawyers.com\/?s={search_term_string}"},"query-input":{"@type":"PropertyValueSpecification","valueRequired":true,"valueName":"search_term_string"}}],"inLanguage":"sv-SE"},{"@type":"Organization","@id":"https:\/\/canolawyers.com\/#organization","name":"Cano &amp; Cano Law Firm","url":"https:\/\/canolawyers.com\/","logo":{"@type":"ImageObject","inLanguage":"sv-SE","@id":"https:\/\/canolawyers.com\/#\/schema\/logo\/image\/","url":"https:\/\/canolawyers.com\/wp-content\/uploads\/2018\/06\/logo-250-blanco.png","contentUrl":"https:\/\/canolawyers.com\/wp-content\/uploads\/2018\/06\/logo-250-blanco.png","width":240,"height":56,"caption":"Cano &amp; Cano Law Firm"},"image":{"@id":"https:\/\/canolawyers.com\/#\/schema\/logo\/image\/"}}]}},"_links":{"self":[{"href":"https:\/\/canolawyers.com\/sv\/wp-json\/wp\/v2\/pages\/146","targetHints":{"allow":["GET"]}}],"collection":[{"href":"https:\/\/canolawyers.com\/sv\/wp-json\/wp\/v2\/pages"}],"about":[{"href":"https:\/\/canolawyers.com\/sv\/wp-json\/wp\/v2\/types\/page"}],"author":[{"embeddable":true,"href":"https:\/\/canolawyers.com\/sv\/wp-json\/wp\/v2\/users\/2112"}],"replies":[{"embeddable":true,"href":"https:\/\/canolawyers.com\/sv\/wp-json\/wp\/v2\/comments?post=146"}],"version-history":[{"count":3,"href":"https:\/\/canolawyers.com\/sv\/wp-json\/wp\/v2\/pages\/146\/revisions"}],"predecessor-version":[{"id":2036,"href":"https:\/\/canolawyers.com\/sv\/wp-json\/wp\/v2\/pages\/146\/revisions\/2036"}],"wp:attachment":[{"href":"https:\/\/canolawyers.com\/sv\/wp-json\/wp\/v2\/media?parent=146"}],"curies":[{"name":"wp","href":"https:\/\/api.w.org\/{rel}","templated":true}]}}